{"id":1691,"date":"2024-02-06T12:06:01","date_gmt":"2024-02-06T10:06:01","guid":{"rendered":"https:\/\/www.frontcentrum.hu\/?page_id=1691"},"modified":"2024-06-10T15:34:26","modified_gmt":"2024-06-10T13:34:26","slug":"uzlet","status":"publish","type":"page","link":"https:\/\/www.frontcentrum.hu\/?page_id=1691","title":{"rendered":"\u00dczlet (Felt\u00f6lt\u00e9s alatt!)"},"content":{"rendered":"\t\t\n\t\t\t<div data-add-to-cart-behaviour=\"open_drawer\" data-block-name=\"woocommerce\/mini-cart\" data-has-hidden-price=\"false\" data-icon-color=\"{&quot;color&quot;:&quot;#61ac0b&quot;}\" data-price-color=\"{&quot;color&quot;:&quot;#61ac0b&quot;}\"\n\t\t\t\tdata-wp-interactive=\"woocommerce\/mini-cart\"\n\t\t\t\tdata-wp-init=\"callbacks.setupEventListeners\"\n\t\t\t\tdata-wp-init--refresh-cart-items=\"woocommerce::actions.refreshCartItems\"\n\t\t\t\tdata-wp-watch=\"callbacks.disableScrollingOnBody\"\n\t\t\t\t\t\t\t\tdata-wp-context='{\"productCountVisibility\":\"greater_than_zero\"}'\t\t\t\tclass=\"wc-block-mini-cart wp-block-woocommerce-mini-cart \"\n\t\t\t\tstyle=\"\"\n\t\t\t>\n\t\t\t\t<button aria-label=\"Number of items in the cart: 0. Total price of 0\u00a0Ft\" \n\t\t\t\t\tdata-wp-on--click=\"actions.openDrawer\"\n\t\t\t\t\tdata-wp-bind--aria-label=\"state.buttonAriaLabel\"\n\t\t\t\t\tclass=\"wc-block-mini-cart__button\"\n\t\t\t\t\t\t\t\t\t>\n\t\t\t\t\t<span class=\"wc-block-mini-cart__quantity-badge\">\n\t\t\t\t\t\t<svg xmlns=\"http:\/\/www.w3.org\/2000\/svg\" fill=\"#61ac0b\" class=\"wc-block-mini-cart__icon\" viewBox=\"0 0 32 32\"><circle cx=\"12.667\" cy=\"24.667\" r=\"2\"\/><circle cx=\"23.333\" cy=\"24.667\" r=\"2\"\/><path fill-rule=\"evenodd\" d=\"M9.285 10.036a1 1 0 0 1 .776-.37h15.272a1 1 0 0 1 .99 1.142l-1.333 9.333A1 1 0 0 1 24 21H12a1 1 0 0 1-.98-.797L9.083 10.87a1 1 0 0 1 .203-.834m2.005 1.63L12.814 19h10.319l1.047-7.333z\" clip-rule=\"evenodd\"\/><path fill-rule=\"evenodd\" d=\"M5.667 6.667a1 1 0 0 1 1-1h2.666a1 1 0 0 1 .984.82l.727 4a1 1 0 1 1-1.967.359l-.578-3.18H6.667a1 1 0 0 1-1-1\" clip-rule=\"evenodd\"\/><\/svg>\t\t\t\t\t\t\t\t\t\t\t\t\t<span hidden data-wp-bind--hidden=\"!state.badgeIsVisible\" data-wp-text=\"state.totalItemsInCart\" class=\"wc-block-mini-cart__badge\" style=\"\">0<\/span>\n\t\t\t\t\t\t\t\t\t\t\t<\/span>\n\t\t\t\t\t\t\t\t\t\t\t<span data-wp-text=\"state.formattedSubtotal\" class=\"wc-block-mini-cart__amount\" style=\"color:#61ac0b\">0\u00a0Ft<\/span>\n\t\t\t\t\t\t\t\t\t\t\t\t\t\t\t<\/button>\n\t\t\t<\/div>\n\t\t\t","protected":false},"excerpt":{"rendered":"","protected":false},"author":1,"featured_media":0,"parent":0,"menu_order":0,"comment_status":"closed","ping_status":"closed","template":"","meta":{"footnotes":""},"class_list":["post-1691","page","type-page","status-publish","hentry"],"_links":{"self":[{"href":"https:\/\/www.frontcentrum.hu\/index.php?rest_route=\/wp\/v2\/pages\/1691","targetHints":{"allow":["GET"]}}],"collection":[{"href":"https:\/\/www.frontcentrum.hu\/index.php?rest_route=\/wp\/v2\/pages"}],"about":[{"href":"https:\/\/www.frontcentrum.hu\/index.php?rest_route=\/wp\/v2\/types\/page"}],"author":[{"embeddable":true,"href":"https:\/\/www.frontcentrum.hu\/index.php?rest_route=\/wp\/v2\/users\/1"}],"replies":[{"embeddable":true,"href":"https:\/\/www.frontcentrum.hu\/index.php?rest_route=%2Fwp%2Fv2%2Fcomments&post=1691"}],"version-history":[{"count":5,"href":"https:\/\/www.frontcentrum.hu\/index.php?rest_route=\/wp\/v2\/pages\/1691\/revisions"}],"predecessor-version":[{"id":2046,"href":"https:\/\/www.frontcentrum.hu\/index.php?rest_route=\/wp\/v2\/pages\/1691\/revisions\/2046"}],"wp:attachment":[{"href":"https:\/\/www.frontcentrum.hu\/index.php?rest_route=%2Fwp%2Fv2%2Fmedia&parent=1691"}],"curies":[{"name":"wp","href":"https:\/\/api.w.org\/{rel}","templated":true}]}}